{"id":226,"date":"2024-04-22T09:14:17","date_gmt":"2024-04-22T07:14:17","guid":{"rendered":"https:\/\/www.tns-mars.com\/exercise-your-rights\/"},"modified":"2026-02-27T09:51:59","modified_gmt":"2026-02-27T08:51:59","slug":"exercise-your-rights","status":"publish","type":"page","link":"https:\/\/www.tns-mars.com\/en\/exercise-your-rights\/","title":{"rendered":"Exercise your rights"},"content":{"rendered":"\n<h2 class=\"wp-block-heading\">Exercise your rights<\/h2>\n\n<p>Lorem ipsum dolor sit amet, consectetur adipiscing elit, sed do eiusmod tempor incididunt ut labore et dolore magna aliqua. Ut enim ad minim veniam, quis nostrud exercitation ullamco laboris nisi ut aliquip ex ea commodo consequat. Duis aute irure dolor in reprehenderit in voluptate velit esse cillum dolore eu fugiat nulla pariatur. Excepteur sint occaecat cupidatat non proident, sunt in culpa qui officia deserunt mollit anim id est laborum.Lorem ipsum dolor sit amet, consectetur adipiscing elit, sed do eiusmod tempor incididunt ut labore et dolore magna aliqua. Ut enim ad minim veniam, quis nostrud exercitation ullamco laboris nisi ut aliquip ex ea commodo consequat. Duis aute irure dolor in reprehenderit in voluptate velit esse cillum dolore eu fugiat nulla pariatur. Excepteur sint occaecat cupidatat non proident, sunt in culpa qui officia deserunt mollit anim id est laborum.Lorem ipsum dolor sit amet, consectetur adipiscing elit, sed do eiusmod tempor incididunt ut labore et dolore magna aliqua. Ut enim ad minim veniam, quis nostrud exercitation ullamco laboris nisi ut aliquip ex ea commodo consequat. Duis aute irure dolor in reprehenderit in voluptate velit esse cillum dolore eu fugiat nulla pariatur. Excepteur sint occaecat cupidatat non proident, sunt in culpa qui officia deserunt mollit anim id est laborum.<\/p>\n\n<p>To exercise your rights regarding our privacy policy, please fill in the form below:<\/p>\n\n<div class=\"wpcf7 no-js\" id=\"wpcf7-f235-o1\" lang=\"en-US\" dir=\"ltr\" data-wpcf7-id=\"235\">\n<div class=\"screen-reader-response\"><p role=\"status\" aria-live=\"polite\" aria-atomic=\"true\"><\/p> <ul><\/ul><\/div>\n<form action=\"\/en\/wp-json\/wp\/v2\/pages\/226#wpcf7-f235-o1\" method=\"post\" class=\"wpcf7-form init\" aria-label=\"Contact form\" enctype=\"multipart\/form-data\" novalidate=\"novalidate\" data-status=\"init\">\n<fieldset class=\"hidden-fields-container\"><input type=\"hidden\" name=\"_wpcf7\" value=\"235\" \/><input type=\"hidden\" name=\"_wpcf7_version\" value=\"6.1.5\" \/><input type=\"hidden\" name=\"_wpcf7_locale\" value=\"en_US\" \/><input type=\"hidden\" name=\"_wpcf7_unit_tag\" value=\"wpcf7-f235-o1\" \/><input type=\"hidden\" name=\"_wpcf7_container_post\" value=\"0\" \/><input type=\"hidden\" name=\"_wpcf7_posted_data_hash\" value=\"\" \/>\n<\/fieldset>\n<div class=\"form-line\">\t<label class=\"form-label\" for=\"field_last name\">Nom\u00a0:<\/label>\t<div class=\"form-field\">\t\t<span class=\"wpcf7-form-control-wrap\" data-name=\"last\"><input size=\"40\" maxlength=\"400\" class=\"wpcf7-form-control wpcf7-text wpcf7-validates-as-required\" id=\"field_last\" aria-required=\"true\" aria-invalid=\"false\" value=\"\" type=\"text\" name=\"last\" \/><\/span>\t<\/div><\/div><div class=\"form-line\">\t<label class=\"form-label\" for=\"field_first name\">First name\u00a0:<\/label>\t<div class=\"form-field\">\t\t<span class=\"wpcf7-form-control-wrap\" data-name=\"first\"><input size=\"40\" maxlength=\"400\" class=\"wpcf7-form-control wpcf7-text wpcf7-validates-as-required\" id=\"field_first\" aria-required=\"true\" aria-invalid=\"false\" value=\"\" type=\"text\" name=\"first\" \/><\/span>\t<\/div><\/div><div class=\"form-line\">\t<label class=\"form-label\" for=\"field_email\">E-mail\u00a0:<\/label>\t<div class=\"form-\">\t\t<span class=\"wpcf7-form-control-wrap\" data-name=\"email\"><input size=\"40\" maxlength=\"400\" class=\"wpcf7-form-control wpcf7-email wpcf7-validates-as-required wpcf7-text wpcf7-validates-as-email\" id=\"field_email\" aria-required=\"true\" aria-invalid=\"false\" value=\"\" type=\"email\" name=\"email\" \/><\/span>\t<\/div><\/div><div class=\"form-line\">\t<label class=\"form-label\" for=\"field_message\">Message\u00a0:<\/label>\t<div class=\"form-field\">\t\t<span class=\"wpcf7-form-control-wrap\" data-name=\"message\"><textarea cols=\"40\" rows=\"10\" maxlength=\"2000\" class=\"wpcf7-form-control wpcf7-textarea wpcf7-validates-as-required\" id=\"field_message\" aria-required=\"true\" aria-invalid=\"false\" name=\"message\"><\/textarea><\/span>\t<\/div><\/div><div class=\"form-line\">\t<label class=\"form-label\" for=\"field_identity1\">Identity document No.1\u00a0:<\/label>\t<div class=\"form-field form--fileInput\">\t\t<span class=\"wpcf7-form-control-wrap\" data-name=\"identity1\"><input size=\"40\" class=\"wpcf7-form-control wpcf7-file wpcf7-validates-as-required\" id=\"field_identity1\" accept=\".zip,.pdf,.jpg,.png,.gif,.docx,.pptx,.odt\" aria-required=\"true\" aria-invalid=\"false\" type=\"file\" name=\"identity1\" \/><\/span>\t<\/div><\/div><div class=\"form-line\">\t<label class=\"form-label\" for=\"field_identity2\">Identity document No.2\u00a0:<\/label>\t<div class=\"form-field form--fileInput\">\t\t<span class=\"wpcf7-form-control-wrap\" data-name=\"identity2\"><input size=\"40\" class=\"wpcf7-form-control wpcf7-file wpcf7-validates-as-required\" id=\"field_identity2\" accept=\".zip,.pdf,.jpg,.png,.gif,.docx,.pptx,.odt\" aria-required=\"true\" aria-invalid=\"false\" type=\"file\" name=\"identity2\" \/><\/span>\t<\/div><\/div><div class=\"form-line form-submit\">\t<button class=\"wpcf7-form-control wpcf7-submit wp-block-button__link\">Submit<\/button><\/div><div class=\"wpcf7-response-output\" aria-hidden=\"true\"><\/div>\n<\/form>\n<\/div>\n\n","protected":false},"excerpt":{"rendered":"<p>Exercise your rights Lorem ipsum dolor sit amet, consectetur adipiscing elit, sed do eiusmod tempor incididunt ut labore et dolore magna aliqua. Ut enim ad minim veniam, quis nostrud exercitation ullamco laboris nisi ut aliquip ex ea commodo consequat. Duis aute irure dolor in reprehenderit in voluptate velit esse cillum dolore eu fugiat nulla pariatur. [&hellip;]<\/p>\n","protected":false},"author":8,"featured_media":0,"parent":0,"menu_order":0,"comment_status":"closed","ping_status":"closed","template":"","meta":{"footnotes":""},"class_list":["post-226","page","type-page","status-publish","hentry"],"yoast_head":"<!-- This site is optimized with the Yoast SEO plugin v27.1.1 - https:\/\/yoast.com\/product\/yoast-seo-wordpress\/ -->\n<title>TNS MARS - P\u00f4le d&#039;excellence du combat col\u00adlaboratif a\u00e9roter\u00adrestre<\/title>\n<meta name=\"description\" content=\"TNS Mars est le P\u00f4le d&#039;excellence du combat collaboratif a\u00e9roter\u00adrestre. Une approche syst\u00e8me de syst\u00e8mes \u00e0 travers le programme Scorpion\" \/>\n<meta name=\"robots\" content=\"index, follow, max-snippet:-1, max-image-preview:large, max-video-preview:-1\" \/>\n<link rel=\"canonical\" href=\"https:\/\/www.tns-mars.com\/en\/exercise-your-rights\/\" \/>\n<meta property=\"og:locale\" content=\"en_US\" \/>\n<meta property=\"og:type\" content=\"article\" \/>\n<meta property=\"og:title\" content=\"TNS MARS - P\u00f4le d&#039;excellence du combat col\u00adlaboratif a\u00e9roter\u00adrestre\" \/>\n<meta property=\"og:description\" content=\"TNS Mars est le P\u00f4le d&#039;excellence du combat collaboratif a\u00e9roter\u00adrestre. Une approche syst\u00e8me de syst\u00e8mes \u00e0 travers le programme Scorpion\" \/>\n<meta property=\"og:url\" content=\"https:\/\/www.tns-mars.com\/en\/exercise-your-rights\/\" \/>\n<meta property=\"og:site_name\" content=\"TNS Mars\" \/>\n<meta property=\"article:modified_time\" content=\"2026-02-27T08:51:59+00:00\" \/>\n<meta name=\"twitter:card\" content=\"summary_large_image\" \/>\n<meta name=\"twitter:label1\" content=\"Est. reading time\" \/>\n\t<meta name=\"twitter:data1\" content=\"1 minute\" \/>\n<script type=\"application\/ld+json\" class=\"yoast-schema-graph\">{\"@context\":\"https:\/\/schema.org\",\"@graph\":[{\"@type\":\"WebPage\",\"@id\":\"https:\/\/www.tns-mars.com\/en\/exercise-your-rights\/\",\"url\":\"https:\/\/www.tns-mars.com\/en\/exercise-your-rights\/\",\"name\":\"TNS MARS - P\u00f4le d'excellence du combat col\u00adlaboratif a\u00e9roter\u00adrestre\",\"isPartOf\":{\"@id\":\"https:\/\/www.tns-mars.com\/en\/#website\"},\"datePublished\":\"2024-04-22T07:14:17+00:00\",\"dateModified\":\"2026-02-27T08:51:59+00:00\",\"description\":\"TNS Mars est le P\u00f4le d'excellence du combat collaboratif a\u00e9roter\u00adrestre. Une approche syst\u00e8me de syst\u00e8mes \u00e0 travers le programme Scorpion\",\"breadcrumb\":{\"@id\":\"https:\/\/www.tns-mars.com\/en\/exercise-your-rights\/#breadcrumb\"},\"inLanguage\":\"en-US\",\"potentialAction\":[{\"@type\":\"ReadAction\",\"target\":[\"https:\/\/www.tns-mars.com\/en\/exercise-your-rights\/\"]}]},{\"@type\":\"BreadcrumbList\",\"@id\":\"https:\/\/www.tns-mars.com\/en\/exercise-your-rights\/#breadcrumb\",\"itemListElement\":[{\"@type\":\"ListItem\",\"position\":1,\"name\":\"Home\",\"item\":\"https:\/\/www.tns-mars.com\/en\/\"},{\"@type\":\"ListItem\",\"position\":2,\"name\":\"Exercise your rights\"}]},{\"@type\":\"WebSite\",\"@id\":\"https:\/\/www.tns-mars.com\/en\/#website\",\"url\":\"https:\/\/www.tns-mars.com\/en\/\",\"name\":\"TNS Mars\",\"description\":\"\",\"publisher\":{\"@id\":\"https:\/\/www.tns-mars.com\/en\/#organization\"},\"potentialAction\":[{\"@type\":\"SearchAction\",\"target\":{\"@type\":\"EntryPoint\",\"urlTemplate\":\"https:\/\/www.tns-mars.com\/en\/?s={search_term_string}\"},\"query-input\":{\"@type\":\"PropertyValueSpecification\",\"valueRequired\":true,\"valueName\":\"search_term_string\"}}],\"inLanguage\":\"en-US\"},{\"@type\":\"Organization\",\"@id\":\"https:\/\/www.tns-mars.com\/en\/#organization\",\"name\":\"TNS Mars\",\"url\":\"https:\/\/www.tns-mars.com\/en\/\",\"logo\":{\"@type\":\"ImageObject\",\"inLanguage\":\"en-US\",\"@id\":\"https:\/\/www.tns-mars.com\/en\/#\/schema\/logo\/image\/\",\"url\":\"https:\/\/www.tns-mars.com\/wp-content\/uploads\/2024\/02\/logoTNSMars.svg\",\"contentUrl\":\"https:\/\/www.tns-mars.com\/wp-content\/uploads\/2024\/02\/logoTNSMars.svg\",\"width\":1,\"height\":1,\"caption\":\"TNS Mars\"},\"image\":{\"@id\":\"https:\/\/www.tns-mars.com\/en\/#\/schema\/logo\/image\/\"}}]}<\/script>\n<!-- \/ Yoast SEO plugin. -->","yoast_head_json":{"title":"TNS MARS - P\u00f4le d'excellence du combat col\u00adlaboratif a\u00e9roter\u00adrestre","description":"TNS Mars est le P\u00f4le d'excellence du combat collaboratif a\u00e9roter\u00adrestre. Une approche syst\u00e8me de syst\u00e8mes \u00e0 travers le programme Scorpion","robots":{"index":"index","follow":"follow","max-snippet":"max-snippet:-1","max-image-preview":"max-image-preview:large","max-video-preview":"max-video-preview:-1"},"canonical":"https:\/\/www.tns-mars.com\/en\/exercise-your-rights\/","og_locale":"en_US","og_type":"article","og_title":"TNS MARS - P\u00f4le d'excellence du combat col\u00adlaboratif a\u00e9roter\u00adrestre","og_description":"TNS Mars est le P\u00f4le d'excellence du combat collaboratif a\u00e9roter\u00adrestre. Une approche syst\u00e8me de syst\u00e8mes \u00e0 travers le programme Scorpion","og_url":"https:\/\/www.tns-mars.com\/en\/exercise-your-rights\/","og_site_name":"TNS Mars","article_modified_time":"2026-02-27T08:51:59+00:00","twitter_card":"summary_large_image","twitter_misc":{"Est. reading time":"1 minute"},"schema":{"@context":"https:\/\/schema.org","@graph":[{"@type":"WebPage","@id":"https:\/\/www.tns-mars.com\/en\/exercise-your-rights\/","url":"https:\/\/www.tns-mars.com\/en\/exercise-your-rights\/","name":"TNS MARS - P\u00f4le d'excellence du combat col\u00adlaboratif a\u00e9roter\u00adrestre","isPartOf":{"@id":"https:\/\/www.tns-mars.com\/en\/#website"},"datePublished":"2024-04-22T07:14:17+00:00","dateModified":"2026-02-27T08:51:59+00:00","description":"TNS Mars est le P\u00f4le d'excellence du combat collaboratif a\u00e9roter\u00adrestre. Une approche syst\u00e8me de syst\u00e8mes \u00e0 travers le programme Scorpion","breadcrumb":{"@id":"https:\/\/www.tns-mars.com\/en\/exercise-your-rights\/#breadcrumb"},"inLanguage":"en-US","potentialAction":[{"@type":"ReadAction","target":["https:\/\/www.tns-mars.com\/en\/exercise-your-rights\/"]}]},{"@type":"BreadcrumbList","@id":"https:\/\/www.tns-mars.com\/en\/exercise-your-rights\/#breadcrumb","itemListElement":[{"@type":"ListItem","position":1,"name":"Home","item":"https:\/\/www.tns-mars.com\/en\/"},{"@type":"ListItem","position":2,"name":"Exercise your rights"}]},{"@type":"WebSite","@id":"https:\/\/www.tns-mars.com\/en\/#website","url":"https:\/\/www.tns-mars.com\/en\/","name":"TNS Mars","description":"","publisher":{"@id":"https:\/\/www.tns-mars.com\/en\/#organization"},"potentialAction":[{"@type":"SearchAction","target":{"@type":"EntryPoint","urlTemplate":"https:\/\/www.tns-mars.com\/en\/?s={search_term_string}"},"query-input":{"@type":"PropertyValueSpecification","valueRequired":true,"valueName":"search_term_string"}}],"inLanguage":"en-US"},{"@type":"Organization","@id":"https:\/\/www.tns-mars.com\/en\/#organization","name":"TNS Mars","url":"https:\/\/www.tns-mars.com\/en\/","logo":{"@type":"ImageObject","inLanguage":"en-US","@id":"https:\/\/www.tns-mars.com\/en\/#\/schema\/logo\/image\/","url":"https:\/\/www.tns-mars.com\/wp-content\/uploads\/2024\/02\/logoTNSMars.svg","contentUrl":"https:\/\/www.tns-mars.com\/wp-content\/uploads\/2024\/02\/logoTNSMars.svg","width":1,"height":1,"caption":"TNS Mars"},"image":{"@id":"https:\/\/www.tns-mars.com\/en\/#\/schema\/logo\/image\/"}}]}},"_links":{"self":[{"href":"https:\/\/www.tns-mars.com\/en\/wp-json\/wp\/v2\/pages\/226","targetHints":{"allow":["GET"]}}],"collection":[{"href":"https:\/\/www.tns-mars.com\/en\/wp-json\/wp\/v2\/pages"}],"about":[{"href":"https:\/\/www.tns-mars.com\/en\/wp-json\/wp\/v2\/types\/page"}],"author":[{"embeddable":true,"href":"https:\/\/www.tns-mars.com\/en\/wp-json\/wp\/v2\/users\/8"}],"replies":[{"embeddable":true,"href":"https:\/\/www.tns-mars.com\/en\/wp-json\/wp\/v2\/comments?post=226"}],"version-history":[{"count":1,"href":"https:\/\/www.tns-mars.com\/en\/wp-json\/wp\/v2\/pages\/226\/revisions"}],"predecessor-version":[{"id":227,"href":"https:\/\/www.tns-mars.com\/en\/wp-json\/wp\/v2\/pages\/226\/revisions\/227"}],"wp:attachment":[{"href":"https:\/\/www.tns-mars.com\/en\/wp-json\/wp\/v2\/media?parent=226"}],"curies":[{"name":"wp","href":"https:\/\/api.w.org\/{rel}","templated":true}]}}