{"id":228,"date":"2024-04-22T09:13:01","date_gmt":"2024-04-22T07:13:01","guid":{"rendered":"https:\/\/www.tns-mars.com\/legal-notice\/"},"modified":"2026-02-27T09:51:59","modified_gmt":"2026-02-27T08:51:59","slug":"legal-notice","status":"publish","type":"page","link":"https:\/\/www.tns-mars.com\/en\/legal-notice\/","title":{"rendered":"Legal notice"},"content":{"rendered":"\n<h2 class=\"wp-block-heading\">TNS-Mars legal notice<\/h2>\n\n<p>Lorem ipsum dolor sit amet, consectetur adipiscing elit, sed do eiusmod tempor incididunt ut labore et dolore magna aliqua. Ut enim ad minim veniam, quis nostrud exercitation ullamco laboris nisi ut aliquip ex ea commodo consequat. Duis aute irure dolor in reprehenderit in voluptate velit esse cillum dolore eu fugiat nulla pariatur. Excepteur sint occaecat cupidatat non proident, sunt in culpa qui officia deserunt mollit anim id est laborum.Lorem ipsum dolor sit amet, consectetur adipiscing elit, sed do eiusmod tempor incididunt ut labore et dolore magna aliqua. Ut enim ad minim veniam, quis nostrud exercitation ullamco laboris nisi ut aliquip ex ea commodo consequat. Duis aute irure dolor in reprehenderit in voluptate velit esse cillum dolore eu fugiat nulla pariatur. Excepteur sint occaecat cupidatat non proident, sunt in culpa qui officia deserunt mollit anim id est laborum.Lorem ipsum dolor sit amet, consectetur adipiscing elit, sed do eiusmod tempor incididunt ut labore et dolore magna aliqua. Ut enim ad minim veniam, quis nostrud exercitation ullamco laboris nisi ut aliquip ex ea commodo consequat. Duis aute irure dolor in reprehenderit in voluptate velit esse cillum dolore eu fugiat nulla pariatur. Excepteur sint occaecat cupidatat non proident, sunt in culpa qui officia deserunt mollit anim id est laborum.Lorem ipsum dolor sit amet, consectetur adipiscing elit, sed do eiusmod tempor incididunt ut labore et dolore magna aliqua. Ut enim ad minim veniam, quis nostrud exercitation ullamco laboris nisi ut aliquip ex ea commodo consequat. Duis aute irure dolor in reprehenderit in voluptate velit esse cillum dolore eu fugiat nulla pariatur. Excepteur sint occaecat cupidatat non proident, sunt in culpa qui officia deserunt mollit anim id est laborum.Lorem ipsum dolor sit amet, consectetur adipiscing elit, sed do eiusmod tempor incididunt ut labore et dolore magna aliqua. Ut enim ad minim veniam, quis nostrud exercitation ullamco laboris nisi ut aliquip ex ea commodo consequat. Duis aute irure dolor in reprehenderit in voluptate velit esse cillum dolore eu fugiat nulla pariatur. Excepteur sint occaecat cupidatat non proident, sunt in culpa qui officia deserunt mollit anim id est laborum.<\/p>\n","protected":false},"excerpt":{"rendered":"<p>TNS-Mars legal notice Lorem ipsum dolor sit amet, consectetur adipiscing elit, sed do eiusmod tempor incididunt ut labore et dolore magna aliqua. Ut enim ad minim veniam, quis nostrud exercitation ullamco laboris nisi ut aliquip ex ea commodo consequat. Duis aute irure dolor in reprehenderit in voluptate velit esse cillum dolore eu fugiat nulla pariatur. [&hellip;]<\/p>\n","protected":false},"author":8,"featured_media":0,"parent":0,"menu_order":0,"comment_status":"closed","ping_status":"closed","template":"","meta":{"footnotes":""},"class_list":["post-228","page","type-page","status-publish","hentry"],"yoast_head":"<!-- This site is optimized with the Yoast SEO plugin v27.1.1 - https:\/\/yoast.com\/product\/yoast-seo-wordpress\/ -->\n<title>TNS MARS - P\u00f4le d&#039;excellence du combat col\u00adlaboratif a\u00e9roter\u00adrestre<\/title>\n<meta name=\"description\" content=\"TNS Mars est le P\u00f4le d&#039;excellence du combat collaboratif a\u00e9roter\u00adrestre. Une approche syst\u00e8me de syst\u00e8mes \u00e0 travers le programme Scorpion\" \/>\n<meta name=\"robots\" content=\"index, follow, max-snippet:-1, max-image-preview:large, max-video-preview:-1\" \/>\n<link rel=\"canonical\" href=\"https:\/\/www.tns-mars.com\/en\/legal-notice\/\" \/>\n<meta property=\"og:locale\" content=\"en_US\" \/>\n<meta property=\"og:type\" content=\"article\" \/>\n<meta property=\"og:title\" content=\"TNS MARS - P\u00f4le d&#039;excellence du combat col\u00adlaboratif a\u00e9roter\u00adrestre\" \/>\n<meta property=\"og:description\" content=\"TNS Mars est le P\u00f4le d&#039;excellence du combat collaboratif a\u00e9roter\u00adrestre. Une approche syst\u00e8me de syst\u00e8mes \u00e0 travers le programme Scorpion\" \/>\n<meta property=\"og:url\" content=\"https:\/\/www.tns-mars.com\/en\/legal-notice\/\" \/>\n<meta property=\"og:site_name\" content=\"TNS Mars\" \/>\n<meta property=\"article:modified_time\" content=\"2026-02-27T08:51:59+00:00\" \/>\n<meta name=\"twitter:card\" content=\"summary_large_image\" \/>\n<meta name=\"twitter:label1\" content=\"Est. reading time\" \/>\n\t<meta name=\"twitter:data1\" content=\"2 minutes\" \/>\n<script type=\"application\/ld+json\" class=\"yoast-schema-graph\">{\"@context\":\"https:\/\/schema.org\",\"@graph\":[{\"@type\":\"WebPage\",\"@id\":\"https:\/\/www.tns-mars.com\/en\/legal-notice\/\",\"url\":\"https:\/\/www.tns-mars.com\/en\/legal-notice\/\",\"name\":\"TNS MARS - P\u00f4le d'excellence du combat col\u00adlaboratif a\u00e9roter\u00adrestre\",\"isPartOf\":{\"@id\":\"https:\/\/www.tns-mars.com\/en\/#website\"},\"datePublished\":\"2024-04-22T07:13:01+00:00\",\"dateModified\":\"2026-02-27T08:51:59+00:00\",\"description\":\"TNS Mars est le P\u00f4le d'excellence du combat collaboratif a\u00e9roter\u00adrestre. Une approche syst\u00e8me de syst\u00e8mes \u00e0 travers le programme Scorpion\",\"breadcrumb\":{\"@id\":\"https:\/\/www.tns-mars.com\/en\/legal-notice\/#breadcrumb\"},\"inLanguage\":\"en-US\",\"potentialAction\":[{\"@type\":\"ReadAction\",\"target\":[\"https:\/\/www.tns-mars.com\/en\/legal-notice\/\"]}]},{\"@type\":\"BreadcrumbList\",\"@id\":\"https:\/\/www.tns-mars.com\/en\/legal-notice\/#breadcrumb\",\"itemListElement\":[{\"@type\":\"ListItem\",\"position\":1,\"name\":\"Home\",\"item\":\"https:\/\/www.tns-mars.com\/en\/\"},{\"@type\":\"ListItem\",\"position\":2,\"name\":\"Legal notice\"}]},{\"@type\":\"WebSite\",\"@id\":\"https:\/\/www.tns-mars.com\/en\/#website\",\"url\":\"https:\/\/www.tns-mars.com\/en\/\",\"name\":\"TNS Mars\",\"description\":\"\",\"publisher\":{\"@id\":\"https:\/\/www.tns-mars.com\/en\/#organization\"},\"potentialAction\":[{\"@type\":\"SearchAction\",\"target\":{\"@type\":\"EntryPoint\",\"urlTemplate\":\"https:\/\/www.tns-mars.com\/en\/?s={search_term_string}\"},\"query-input\":{\"@type\":\"PropertyValueSpecification\",\"valueRequired\":true,\"valueName\":\"search_term_string\"}}],\"inLanguage\":\"en-US\"},{\"@type\":\"Organization\",\"@id\":\"https:\/\/www.tns-mars.com\/en\/#organization\",\"name\":\"TNS Mars\",\"url\":\"https:\/\/www.tns-mars.com\/en\/\",\"logo\":{\"@type\":\"ImageObject\",\"inLanguage\":\"en-US\",\"@id\":\"https:\/\/www.tns-mars.com\/en\/#\/schema\/logo\/image\/\",\"url\":\"https:\/\/www.tns-mars.com\/wp-content\/uploads\/2024\/02\/logoTNSMars.svg\",\"contentUrl\":\"https:\/\/www.tns-mars.com\/wp-content\/uploads\/2024\/02\/logoTNSMars.svg\",\"width\":1,\"height\":1,\"caption\":\"TNS Mars\"},\"image\":{\"@id\":\"https:\/\/www.tns-mars.com\/en\/#\/schema\/logo\/image\/\"}}]}<\/script>\n<!-- \/ Yoast SEO plugin. -->","yoast_head_json":{"title":"TNS MARS - P\u00f4le d'excellence du combat col\u00adlaboratif a\u00e9roter\u00adrestre","description":"TNS Mars est le P\u00f4le d'excellence du combat collaboratif a\u00e9roter\u00adrestre. Une approche syst\u00e8me de syst\u00e8mes \u00e0 travers le programme Scorpion","robots":{"index":"index","follow":"follow","max-snippet":"max-snippet:-1","max-image-preview":"max-image-preview:large","max-video-preview":"max-video-preview:-1"},"canonical":"https:\/\/www.tns-mars.com\/en\/legal-notice\/","og_locale":"en_US","og_type":"article","og_title":"TNS MARS - P\u00f4le d'excellence du combat col\u00adlaboratif a\u00e9roter\u00adrestre","og_description":"TNS Mars est le P\u00f4le d'excellence du combat collaboratif a\u00e9roter\u00adrestre. Une approche syst\u00e8me de syst\u00e8mes \u00e0 travers le programme Scorpion","og_url":"https:\/\/www.tns-mars.com\/en\/legal-notice\/","og_site_name":"TNS Mars","article_modified_time":"2026-02-27T08:51:59+00:00","twitter_card":"summary_large_image","twitter_misc":{"Est. reading time":"2 minutes"},"schema":{"@context":"https:\/\/schema.org","@graph":[{"@type":"WebPage","@id":"https:\/\/www.tns-mars.com\/en\/legal-notice\/","url":"https:\/\/www.tns-mars.com\/en\/legal-notice\/","name":"TNS MARS - P\u00f4le d'excellence du combat col\u00adlaboratif a\u00e9roter\u00adrestre","isPartOf":{"@id":"https:\/\/www.tns-mars.com\/en\/#website"},"datePublished":"2024-04-22T07:13:01+00:00","dateModified":"2026-02-27T08:51:59+00:00","description":"TNS Mars est le P\u00f4le d'excellence du combat collaboratif a\u00e9roter\u00adrestre. Une approche syst\u00e8me de syst\u00e8mes \u00e0 travers le programme Scorpion","breadcrumb":{"@id":"https:\/\/www.tns-mars.com\/en\/legal-notice\/#breadcrumb"},"inLanguage":"en-US","potentialAction":[{"@type":"ReadAction","target":["https:\/\/www.tns-mars.com\/en\/legal-notice\/"]}]},{"@type":"BreadcrumbList","@id":"https:\/\/www.tns-mars.com\/en\/legal-notice\/#breadcrumb","itemListElement":[{"@type":"ListItem","position":1,"name":"Home","item":"https:\/\/www.tns-mars.com\/en\/"},{"@type":"ListItem","position":2,"name":"Legal notice"}]},{"@type":"WebSite","@id":"https:\/\/www.tns-mars.com\/en\/#website","url":"https:\/\/www.tns-mars.com\/en\/","name":"TNS Mars","description":"","publisher":{"@id":"https:\/\/www.tns-mars.com\/en\/#organization"},"potentialAction":[{"@type":"SearchAction","target":{"@type":"EntryPoint","urlTemplate":"https:\/\/www.tns-mars.com\/en\/?s={search_term_string}"},"query-input":{"@type":"PropertyValueSpecification","valueRequired":true,"valueName":"search_term_string"}}],"inLanguage":"en-US"},{"@type":"Organization","@id":"https:\/\/www.tns-mars.com\/en\/#organization","name":"TNS Mars","url":"https:\/\/www.tns-mars.com\/en\/","logo":{"@type":"ImageObject","inLanguage":"en-US","@id":"https:\/\/www.tns-mars.com\/en\/#\/schema\/logo\/image\/","url":"https:\/\/www.tns-mars.com\/wp-content\/uploads\/2024\/02\/logoTNSMars.svg","contentUrl":"https:\/\/www.tns-mars.com\/wp-content\/uploads\/2024\/02\/logoTNSMars.svg","width":1,"height":1,"caption":"TNS Mars"},"image":{"@id":"https:\/\/www.tns-mars.com\/en\/#\/schema\/logo\/image\/"}}]}},"_links":{"self":[{"href":"https:\/\/www.tns-mars.com\/en\/wp-json\/wp\/v2\/pages\/228","targetHints":{"allow":["GET"]}}],"collection":[{"href":"https:\/\/www.tns-mars.com\/en\/wp-json\/wp\/v2\/pages"}],"about":[{"href":"https:\/\/www.tns-mars.com\/en\/wp-json\/wp\/v2\/types\/page"}],"author":[{"embeddable":true,"href":"https:\/\/www.tns-mars.com\/en\/wp-json\/wp\/v2\/users\/8"}],"replies":[{"embeddable":true,"href":"https:\/\/www.tns-mars.com\/en\/wp-json\/wp\/v2\/comments?post=228"}],"version-history":[{"count":1,"href":"https:\/\/www.tns-mars.com\/en\/wp-json\/wp\/v2\/pages\/228\/revisions"}],"predecessor-version":[{"id":229,"href":"https:\/\/www.tns-mars.com\/en\/wp-json\/wp\/v2\/pages\/228\/revisions\/229"}],"wp:attachment":[{"href":"https:\/\/www.tns-mars.com\/en\/wp-json\/wp\/v2\/media?parent=228"}],"curies":[{"name":"wp","href":"https:\/\/api.w.org\/{rel}","templated":true}]}}