{"id":231,"date":"2024-02-26T17:04:59","date_gmt":"2024-02-26T16:04:59","guid":{"rendered":"https:\/\/www.tns-mars.com\/privacy-policy\/"},"modified":"2026-03-02T16:02:34","modified_gmt":"2026-03-02T15:02:34","slug":"privacy-policy","status":"publish","type":"page","link":"https:\/\/www.tns-mars.com\/en\/privacy-policy\/","title":{"rendered":"Privacy policy"},"content":{"rendered":"<h2 class=\"wp-block-heading\">Who are we?<\/h2><p><strong class=\"privacy-policy-tutorial\">Suggested text:<\/strong> Our website address is: https:\/\/www.tns-mars.com.<\/p><h2 class=\"wp-block-heading\">Comments<\/h2><p><strong class=\"privacy-policy-tutorial\">Suggested text:<\/strong> When you leave a comment on our website, the data in the comment form, as well as your IP address and your browser user agent, are collected to help us detect spam.<\/p><p>An anonymised string created from your email address (also known as a hash) may be sent to Gravatar to check whether you are using it. The Gravatar privacy clauses are available here: https:\/\/automattic.com\/privacy\/. Once your comment has been validated, your profile photo will be publicly visible next to your comment.<br\/>Les clauses de confidentialit\u00e9 du service Gravatar sont disponibles ici : https:\/\/automattic.com\/privacy\/.<\/p><h2 class=\"wp-block-heading\">Media<\/h2><p><strong class=\"privacy-policy-tutorial\">Suggested text:<\/strong> If you upload images to the website, we advise you not to upload any images containing EXIF GPS coordinate data. Visitors to your website can download and extract location data from these images.<\/p><h2 class=\"wp-block-heading\">Cookies<\/h2><p><br\/><strong class=\"privacy-policy-tutorial\">Suggested text: <\/strong>If you leave a comment on our website, you may agree to save your name, email address and website in cookies. This is purely for your convenience so that you don&#8217;t have to fill in your details again if you leave another comment. These cookies expire after one year.<\/p><p>If you go to the login page, a temporary cookie will be created to determine whether your browser accepts cookies. It does not contain any personal data and will be deleted automatically when you close your browser.<\/p><p>When you log in, we will set up several cookies to save your login information and screen display preferences. Login cookies last for two days, and screen options cookies last for one year. If you tick &#8220;Remember Me&#8221;, your login cookie will be kept for two weeks. If you log out of your account, the login cookie will be deleted.<\/p><p>If you edit or publish a post, an additional cookie will be saved in your browser. This cookie does not contain any personal data. It simply shows the ID of the post you have just edited. It expires after one day.<\/p><h2 class=\"wp-block-heading\">Embedded content from other websites<\/h2><p><strong class=\"privacy-policy-tutorial\">Suggested text: <\/strong>Articles on this website may include embedded content (e.g. videos, images, articles, etc.). Embedded content from other websites behaves in the same way as it would if the visitor had visited the other website directly.<\/p><p>These websites may collect data about you, use cookies, carry third-party tracking tools, and track your interactions with this embedded content if you have an account and are logged in to their website.<\/p><h2 class=\"wp-block-heading\">Who we share your data with<\/h2><p><strong class=\"privacy-policy-tutorial\">Suggested text: <\/strong>If you request a password reset, your IP address will be included in the reset email.<\/p><h2 class=\"wp-block-heading\">How long we retain your data<\/h2><p><strong class=\"privacy-policy-tutorial\">Suggested text: <\/strong>If you leave a comment, the comment and its metadata are retained indefinitely. This is so we can recognise and approve any follow-up comments automatically instead of holding them in a moderation queue.<\/p><p>For users that register on our website (if applicable), we also store the personal information they provide in their user profile. All users can see, edit or delete their personal information at any time (except for their username). Website administrators can also see and edit that information.<\/p><h2 class=\"wp-block-heading\">Your rights with regard to your data<\/h2><p><strong class=\"privacy-policy-tutorial\">Suggested text:<\/strong> If you have an account or have left comments on the website, you can ask to receive a file containing all the personal data we have about you, including the data you provided to us. You can also ask us to erase any personal data we hold about you. This does not include any data stored for administrative, legal or security purposes.<\/p><h2 class=\"wp-block-heading\">Where we send your data<\/h2><p><strong class=\"privacy-policy-tutorial\">Suggested text:<\/strong> Visitor comments may be checked through an automated spam detection service.<\/p>","protected":false},"excerpt":{"rendered":"<p>Who are we? Suggested text: Our website address is: https:\/\/www.tns-mars.com. Comments Suggested text: When you leave a comment on our website, the data in the comment form, as well as your IP address and your browser user agent, are collected to help us detect spam. An anonymised string created from your email address (also known [&hellip;]<\/p>\n","protected":false},"author":8,"featured_media":0,"parent":0,"menu_order":0,"comment_status":"closed","ping_status":"open","template":"","meta":{"footnotes":""},"class_list":["post-231","page","type-page","status-publish","hentry"],"yoast_head":"<!-- This site is optimized with the Yoast SEO plugin v27.1.1 - https:\/\/yoast.com\/product\/yoast-seo-wordpress\/ -->\n<title>TNS MARS - P\u00f4le d&#039;excellence du combat col\u00adlaboratif a\u00e9roter\u00adrestre<\/title>\n<meta name=\"description\" content=\"TNS Mars est le P\u00f4le d&#039;excellence du combat collaboratif a\u00e9roter\u00adrestre. Une approche syst\u00e8me de syst\u00e8mes \u00e0 travers le programme Scorpion\" \/>\n<meta name=\"robots\" content=\"index, follow, max-snippet:-1, max-image-preview:large, max-video-preview:-1\" \/>\n<link rel=\"canonical\" href=\"https:\/\/www.tns-mars.com\/en\/privacy-policy\/\" \/>\n<meta property=\"og:locale\" content=\"en_US\" \/>\n<meta property=\"og:type\" content=\"article\" \/>\n<meta property=\"og:title\" content=\"TNS MARS - P\u00f4le d&#039;excellence du combat col\u00adlaboratif a\u00e9roter\u00adrestre\" \/>\n<meta property=\"og:description\" content=\"TNS Mars est le P\u00f4le d&#039;excellence du combat collaboratif a\u00e9roter\u00adrestre. Une approche syst\u00e8me de syst\u00e8mes \u00e0 travers le programme Scorpion\" \/>\n<meta property=\"og:url\" content=\"https:\/\/www.tns-mars.com\/en\/privacy-policy\/\" \/>\n<meta property=\"og:site_name\" content=\"TNS Mars\" \/>\n<meta property=\"article:modified_time\" content=\"2026-03-02T15:02:34+00:00\" \/>\n<meta name=\"twitter:card\" content=\"summary_large_image\" \/>\n<meta name=\"twitter:label1\" content=\"Est. reading time\" \/>\n\t<meta name=\"twitter:data1\" content=\"3 minutes\" \/>\n<script type=\"application\/ld+json\" class=\"yoast-schema-graph\">{\"@context\":\"https:\/\/schema.org\",\"@graph\":[{\"@type\":\"WebPage\",\"@id\":\"https:\/\/www.tns-mars.com\/en\/privacy-policy\/\",\"url\":\"https:\/\/www.tns-mars.com\/en\/privacy-policy\/\",\"name\":\"TNS MARS - P\u00f4le d'excellence du combat col\u00adlaboratif a\u00e9roter\u00adrestre\",\"isPartOf\":{\"@id\":\"https:\/\/www.tns-mars.com\/en\/#website\"},\"datePublished\":\"2024-02-26T16:04:59+00:00\",\"dateModified\":\"2026-03-02T15:02:34+00:00\",\"description\":\"TNS Mars est le P\u00f4le d'excellence du combat collaboratif a\u00e9roter\u00adrestre. Une approche syst\u00e8me de syst\u00e8mes \u00e0 travers le programme Scorpion\",\"breadcrumb\":{\"@id\":\"https:\/\/www.tns-mars.com\/en\/privacy-policy\/#breadcrumb\"},\"inLanguage\":\"en-US\",\"potentialAction\":[{\"@type\":\"ReadAction\",\"target\":[\"https:\/\/www.tns-mars.com\/en\/privacy-policy\/\"]}]},{\"@type\":\"BreadcrumbList\",\"@id\":\"https:\/\/www.tns-mars.com\/en\/privacy-policy\/#breadcrumb\",\"itemListElement\":[{\"@type\":\"ListItem\",\"position\":1,\"name\":\"Home\",\"item\":\"https:\/\/www.tns-mars.com\/en\/\"},{\"@type\":\"ListItem\",\"position\":2,\"name\":\"Privacy policy\"}]},{\"@type\":\"WebSite\",\"@id\":\"https:\/\/www.tns-mars.com\/en\/#website\",\"url\":\"https:\/\/www.tns-mars.com\/en\/\",\"name\":\"TNS Mars\",\"description\":\"\",\"publisher\":{\"@id\":\"https:\/\/www.tns-mars.com\/en\/#organization\"},\"potentialAction\":[{\"@type\":\"SearchAction\",\"target\":{\"@type\":\"EntryPoint\",\"urlTemplate\":\"https:\/\/www.tns-mars.com\/en\/?s={search_term_string}\"},\"query-input\":{\"@type\":\"PropertyValueSpecification\",\"valueRequired\":true,\"valueName\":\"search_term_string\"}}],\"inLanguage\":\"en-US\"},{\"@type\":\"Organization\",\"@id\":\"https:\/\/www.tns-mars.com\/en\/#organization\",\"name\":\"TNS Mars\",\"url\":\"https:\/\/www.tns-mars.com\/en\/\",\"logo\":{\"@type\":\"ImageObject\",\"inLanguage\":\"en-US\",\"@id\":\"https:\/\/www.tns-mars.com\/en\/#\/schema\/logo\/image\/\",\"url\":\"https:\/\/www.tns-mars.com\/wp-content\/uploads\/2024\/02\/logoTNSMars.svg\",\"contentUrl\":\"https:\/\/www.tns-mars.com\/wp-content\/uploads\/2024\/02\/logoTNSMars.svg\",\"width\":1,\"height\":1,\"caption\":\"TNS Mars\"},\"image\":{\"@id\":\"https:\/\/www.tns-mars.com\/en\/#\/schema\/logo\/image\/\"}}]}<\/script>\n<!-- \/ Yoast SEO plugin. -->","yoast_head_json":{"title":"TNS MARS - P\u00f4le d'excellence du combat col\u00adlaboratif a\u00e9roter\u00adrestre","description":"TNS Mars est le P\u00f4le d'excellence du combat collaboratif a\u00e9roter\u00adrestre. Une approche syst\u00e8me de syst\u00e8mes \u00e0 travers le programme Scorpion","robots":{"index":"index","follow":"follow","max-snippet":"max-snippet:-1","max-image-preview":"max-image-preview:large","max-video-preview":"max-video-preview:-1"},"canonical":"https:\/\/www.tns-mars.com\/en\/privacy-policy\/","og_locale":"en_US","og_type":"article","og_title":"TNS MARS - P\u00f4le d'excellence du combat col\u00adlaboratif a\u00e9roter\u00adrestre","og_description":"TNS Mars est le P\u00f4le d'excellence du combat collaboratif a\u00e9roter\u00adrestre. Une approche syst\u00e8me de syst\u00e8mes \u00e0 travers le programme Scorpion","og_url":"https:\/\/www.tns-mars.com\/en\/privacy-policy\/","og_site_name":"TNS Mars","article_modified_time":"2026-03-02T15:02:34+00:00","twitter_card":"summary_large_image","twitter_misc":{"Est. reading time":"3 minutes"},"schema":{"@context":"https:\/\/schema.org","@graph":[{"@type":"WebPage","@id":"https:\/\/www.tns-mars.com\/en\/privacy-policy\/","url":"https:\/\/www.tns-mars.com\/en\/privacy-policy\/","name":"TNS MARS - P\u00f4le d'excellence du combat col\u00adlaboratif a\u00e9roter\u00adrestre","isPartOf":{"@id":"https:\/\/www.tns-mars.com\/en\/#website"},"datePublished":"2024-02-26T16:04:59+00:00","dateModified":"2026-03-02T15:02:34+00:00","description":"TNS Mars est le P\u00f4le d'excellence du combat collaboratif a\u00e9roter\u00adrestre. Une approche syst\u00e8me de syst\u00e8mes \u00e0 travers le programme Scorpion","breadcrumb":{"@id":"https:\/\/www.tns-mars.com\/en\/privacy-policy\/#breadcrumb"},"inLanguage":"en-US","potentialAction":[{"@type":"ReadAction","target":["https:\/\/www.tns-mars.com\/en\/privacy-policy\/"]}]},{"@type":"BreadcrumbList","@id":"https:\/\/www.tns-mars.com\/en\/privacy-policy\/#breadcrumb","itemListElement":[{"@type":"ListItem","position":1,"name":"Home","item":"https:\/\/www.tns-mars.com\/en\/"},{"@type":"ListItem","position":2,"name":"Privacy policy"}]},{"@type":"WebSite","@id":"https:\/\/www.tns-mars.com\/en\/#website","url":"https:\/\/www.tns-mars.com\/en\/","name":"TNS Mars","description":"","publisher":{"@id":"https:\/\/www.tns-mars.com\/en\/#organization"},"potentialAction":[{"@type":"SearchAction","target":{"@type":"EntryPoint","urlTemplate":"https:\/\/www.tns-mars.com\/en\/?s={search_term_string}"},"query-input":{"@type":"PropertyValueSpecification","valueRequired":true,"valueName":"search_term_string"}}],"inLanguage":"en-US"},{"@type":"Organization","@id":"https:\/\/www.tns-mars.com\/en\/#organization","name":"TNS Mars","url":"https:\/\/www.tns-mars.com\/en\/","logo":{"@type":"ImageObject","inLanguage":"en-US","@id":"https:\/\/www.tns-mars.com\/en\/#\/schema\/logo\/image\/","url":"https:\/\/www.tns-mars.com\/wp-content\/uploads\/2024\/02\/logoTNSMars.svg","contentUrl":"https:\/\/www.tns-mars.com\/wp-content\/uploads\/2024\/02\/logoTNSMars.svg","width":1,"height":1,"caption":"TNS Mars"},"image":{"@id":"https:\/\/www.tns-mars.com\/en\/#\/schema\/logo\/image\/"}}]}},"_links":{"self":[{"href":"https:\/\/www.tns-mars.com\/en\/wp-json\/wp\/v2\/pages\/231","targetHints":{"allow":["GET"]}}],"collection":[{"href":"https:\/\/www.tns-mars.com\/en\/wp-json\/wp\/v2\/pages"}],"about":[{"href":"https:\/\/www.tns-mars.com\/en\/wp-json\/wp\/v2\/types\/page"}],"author":[{"embeddable":true,"href":"https:\/\/www.tns-mars.com\/en\/wp-json\/wp\/v2\/users\/8"}],"replies":[{"embeddable":true,"href":"https:\/\/www.tns-mars.com\/en\/wp-json\/wp\/v2\/comments?post=231"}],"version-history":[{"count":3,"href":"https:\/\/www.tns-mars.com\/en\/wp-json\/wp\/v2\/pages\/231\/revisions"}],"predecessor-version":[{"id":239,"href":"https:\/\/www.tns-mars.com\/en\/wp-json\/wp\/v2\/pages\/231\/revisions\/239"}],"wp:attachment":[{"href":"https:\/\/www.tns-mars.com\/en\/wp-json\/wp\/v2\/media?parent=231"}],"curies":[{"name":"wp","href":"https:\/\/api.w.org\/{rel}","templated":true}]}}